{"id":4362,"date":"2020-12-11T12:11:01","date_gmt":"2020-12-11T11:11:01","guid":{"rendered":"https:\/\/www.lionellomarchesi.com\/termini-e-condizioni\/"},"modified":"2021-05-18T18:51:21","modified_gmt":"2021-05-18T16:51:21","slug":"termini-e-condizioni","status":"publish","type":"page","link":"https:\/\/www.lionellomarchesi.com\/zh-hant\/termini-e-condizioni\/","title":{"rendered":"Termini e condizioni"},"content":{"rendered":"<p>[vc_row wrap_container=&#8221;yes&#8221;][vc_column][vc_empty_space height=&#8221;38px&#8221;][vc_column_text]<\/p>\n<h3 style=\"text-align: center\"><strong>Termini e condizioni d\u2019uso<br \/>\nCONDIZIONI GENERALI DI VENDITA:<\/strong><\/h3>\n<p>Gli ordini possono essere effettuati esclusivamente sul nostro sito<\/p>\n<p>Diffidate da qualsiasi altro sito, pagina, blog o profilo Social che vende vino della <strong>Az. Agr. Castello di Monastero S.r.l<\/strong>. Tutti i contenuti di <strong>Az. Agr. Castello di Monastero S.r.l<\/strong> delle pagine social sono di propriet\u00e0 esclusiva <strong>Az. Agr. Castello di Monastero S.r.l<\/strong>.<br \/>\nE\u2019 evitato qualsiasi riproduzione o uso improprio delle nostre immagini. Diffidate da qualsiasi profilo\/rivenditore esterno che utilizza foto di nostra produzione.<\/p>\n<p><strong><br \/>\nPRIVACY E SICUREZZA<\/strong><br \/>\n<strong>Az. Agr. Castello di Monastero S.r.l<\/strong> prende molto seriamente i dati dei propri clienti. Molte delle informazioni private inserite sul nostro sito sono visibili solo in modo parziale, inoltre i vostri dati (come ad es indirizzo di spedizione, mail, ecc) saranno utilizzati da un team ristretto e fidato solo per finalit\u00e0 di consegna dell\u2019ordine. Tutti i dati inseriti al momento del pagamento sono visibili da noi solo in modo parziale, nessuno avr\u00e0 mai accesso ai dati completi (come ad esempio il numero completo di carta di credito, cvc, ecc).<\/p>\n<p>Inoltre sul nostro sito \u00e8 presente il certificato SSL Secure Sockets Layer, una procedura di securizzazione delle transazioni effettuate via Internet. Il nostro sito possiede i livelli di sicurezza internazionali necessari ed \u00e8 classificato anche da Google come sito sicuro (httpssicuro).<\/p>\n<p><strong><br \/>\nIMMAGINI e CONTENUTI<\/strong><br \/>\nTutti i contenuti di <strong>Az. Agr. Castello di Monastero S.r.l<\/strong>\u00a0 e i suoi prodotti riportati nelle pagine social sono di propriet\u00e0 esclusiva . E\u2019 evitato qualsiasi riproduzione o uso improprio delle nostre immagini. Diffidate da qualsiasi profilo\/rivenditore esterno che utilizza foto di nostra produzione. <strong>Az. Agr. Castello di Monastero S.r.l<\/strong> si riserva la possibilit\u00e0 di pubblicare nei propri profili foto di terze persone, pubblicate tramite tag, hashtag o menzionamento al profilo oppure inviate ai nostri contatti. Siamo disponibili ad eliminare le sopraddette foto, se espressamente richiesto.<\/p>\n<p><strong><br \/>\nCOMUNICAZIONI\u00a0<\/strong><\/p>\n<p>Tutte le comunicazioni a noi rivolte devono essere inviate utilizzando l&#8217;indirizzo email che trovate in CONTATTI.<\/p>\n<p><strong><br \/>\nBUONI SCONTO E PROMOZIONI<\/strong><br \/>\n<strong>Az. Agr. Castello di Monastero S.r.l<\/strong> offre spesso codici sconto o prodotti in promozione. I prodotti in promozione presenteranno gi\u00e0 il prezzo scontato e non sar\u00e0 necessario aggiungere un ulteriore codice sconto. I prodotti saranno in promozione per un periodo variabile di tempo e potrebbero essere inseriti nuovamente a prezzo pieno senza preavviso.<\/p>\n<p>I codici sconto sono offerti in determinati periodi e date. Ogni codice sconto \u00e8 soggetto a validit\u00e0 specifica e sar\u00e0 utilizzabile solo nell\u2019arco di tempo prestabilito. Se un codice promozionale \u00e8 scaduto non sar\u00e0 pi\u00f9 utilizzabile.<\/p>\n<p>Non \u00e8 possibile applicare un codice sconto dopo che l\u2019ordine \u00e8 stato completato.<\/p>\n<p><strong><br \/>\nORDINI<\/strong><br \/>\nTutti gli ordini ricevuti entro le 17.00 saranno spediti il giorno lavorativo successivo.<\/p>\n<p>Appena eseguito un ordine riceverai una mail di conferma ordine all\u2019indirizzo mail inserito. In caso di mancata ricezione della mail consigliamo di verificare nella cartella Spam\/Posta Indesiderata o che l\u2019indirizzo mail inserito sia corretto e funzionante. Appena l\u2019ordine sar\u00e0 affidato al corriere riceverai una mail di conferma spedizione all\u2019indirizzo mail inserito.<\/p>\n<p>La sera stessa o la mattina seguente all\u2019affidamento al corriere riceverai una mail da parte del corriere con i dettagli sulla spedizione e con le indicazioni su come tracciare il pacco.<\/p>\n<p>In casi molto rari e remoti pu\u00f2 capitare che il prodotto\/i da te ordinato non sia disponibile per la spedizione, per un errore d\u2019inventario. In questo caso procederemo con l\u2019annullamento dell\u2019ordine. In caso di pagamento anticipato l\u2019ordine sar\u00e0 completamente rimborsato (costo del prodotto non disponibile). Nel caso di un ordine che comprenda pi\u00f9 prodotti, qualora uno solo o pi\u00f9 saranno per errore non disponibili, l\u2019ordine restante dei prodotti disponibili sar\u00e0 comunque evaso.<\/p>\n<p>&nbsp;<\/p>\n<p><strong>MODALITA&#8217; DI PAGAMENTO<\/strong><\/p>\n<p><strong>Az. Agr. Castello di Monastero S.r.l <\/strong>utilizza strumenti terzi per l&#8217;elaborazione dei pagamenti e non entra in alcun modo in contatto con i Vs dati di pagamento, come quelli relativi alla Vostra carta di credito fornita.<\/p>\n<p>Eventuali costi di gestione di pagamenti dell&#8217;Utente non accettati saranno addebitati all&#8217;Utente.<\/p>\n<p><strong><br \/>\nPRODOTTI<\/strong><\/p>\n<p>Tutti i vini che trovate nel nostro sito sono vini di nostra produzione.<\/p>\n<p>Alcuni dati enologici di ogni vino, come ad esempio la gradazione alcolica, possono variare in base al lotto ed all&#8217;annata.<\/p>\n<p>I prezzi, le descrizioni o la disponibilit\u00e0 dei prodotti esposti nel nostro sito web, sono soggetti a modifica senza preavviso. Le foto inserite sono indicative e potrebbero non costituire rappresentazione esatta dei prodotti. Tuttavia le immagini ed i colori dei prodotti offerti potrebbero differire da quelli reali a causa di molteplici fattori. Pertanto, l&#8217;Utente prende atto ed accetta che tali eventuali minori differenze non costituiscono difetto di conformit\u00e0 dei prodotti.<\/p>\n<p>&nbsp;<\/p>\n<p><strong>REQUISITI DI ETA&#8217;<\/strong><\/p>\n<p>Gli Utenti dichiarano di essere maggiorenni secondo la legislazione loro applicabile. In nessun caso minori di 18 anni possono acquistare i nostri vini sul nostro sito.<\/p>\n<p>L&#8217;utente che effettua l&#8217;acquisto l&#8217;acquisto dei nostri vini , inoltre dichiara e garantisce che chi ricever\u00e0 la spedizione dei prodotti acquistati sia maggiorenne secondo la legislazione a quest&#8217;ultimo applicabile.<\/p>\n<p>&nbsp;<\/p>\n<p><strong>RISOLUZIONI DELLE CONTROVERSIE ONLINE PER I CONSUMATORI<\/strong><\/p>\n<p>Il consumatore residente in Europa deve essere a conoscenza del fatto che la Commissione Europea ha instituito una piattaforma online che fornisce uno strumento di risoluzione alternativa delle controversie. Tale strumento pu\u00f2 essere utilizzato dal consumatore europeo per risolvere in via non giudiziale ogni controversia relativa a e\/o derivante da contratti di vendita di beni e servizi stipulati in rete. Di conseguenza, se sei un consumatore europeo, puoi usare tale piattaforma\u00a0 per la risoluzione di ogni<\/p>\n","protected":false},"excerpt":{"rendered":"<p>[vc_row wrap_container=&#8221;yes&#8221;][vc_column][vc [&hellip;]<\/p>\n","protected":false},"author":1,"featured_media":0,"parent":0,"menu_order":0,"comment_status":"closed","ping_status":"closed","template":"","meta":[],"yoast_head":"<!-- This site is optimized with the Yoast SEO plugin v15.9.2 - https:\/\/yoast.com\/wordpress\/plugins\/seo\/ -->\n<title>Tenute Lionello Marchesi - Vigne Toscane - Produzione vino Toscano<\/title>\n<meta name=\"robots\" content=\"index, follow, max-snippet:-1, max-image-preview:large, max-video-preview:-1\" \/>\n<link rel=\"canonical\" href=\"https:\/\/www.lionellomarchesi.com\/zh-hant\/termini-e-condizioni\/\" \/>\n<meta property=\"og:locale\" content=\"zh_TW\" \/>\n<meta property=\"og:type\" content=\"article\" \/>\n<meta property=\"og:title\" content=\"Tenute Lionello Marchesi - Vigne Toscane - Produzione vino Toscano\" \/>\n<meta property=\"og:description\" content=\"[vc_row wrap_container=&#8221;yes&#8221;][vc_column][vc [&hellip;]\" \/>\n<meta property=\"og:url\" content=\"https:\/\/www.lionellomarchesi.com\/zh-hant\/termini-e-condizioni\/\" \/>\n<meta property=\"og:site_name\" content=\"Lionello Marchesi\" \/>\n<meta property=\"article:modified_time\" content=\"2021-05-18T16:51:21+00:00\" \/>\n<meta name=\"twitter:card\" content=\"summary_large_image\" \/>\n<meta name=\"twitter:label1\" content=\"Est. reading time\">\n\t<meta name=\"twitter:data1\" content=\"5 \u5206\u9418\">\n<script type=\"application\/ld+json\" class=\"yoast-schema-graph\">{\"@context\":\"https:\/\/schema.org\",\"@graph\":[{\"@type\":\"WebSite\",\"@id\":\"https:\/\/www.lionellomarchesi.com\/#website\",\"url\":\"https:\/\/www.lionellomarchesi.com\/\",\"name\":\"Lionello Marchesi\",\"description\":\"\",\"potentialAction\":[{\"@type\":\"SearchAction\",\"target\":\"https:\/\/www.lionellomarchesi.com\/?s={search_term_string}\",\"query-input\":\"required name=search_term_string\"}],\"inLanguage\":\"zh-TW\"},{\"@type\":\"WebPage\",\"@id\":\"https:\/\/www.lionellomarchesi.com\/zh-hant\/termini-e-condizioni\/#webpage\",\"url\":\"https:\/\/www.lionellomarchesi.com\/zh-hant\/termini-e-condizioni\/\",\"name\":\"Tenute Lionello Marchesi - Vigne Toscane - Produzione vino Toscano\",\"isPartOf\":{\"@id\":\"https:\/\/www.lionellomarchesi.com\/#website\"},\"datePublished\":\"2020-12-11T11:11:01+00:00\",\"dateModified\":\"2021-05-18T16:51:21+00:00\",\"breadcrumb\":{\"@id\":\"https:\/\/www.lionellomarchesi.com\/zh-hant\/termini-e-condizioni\/#breadcrumb\"},\"inLanguage\":\"zh-TW\",\"potentialAction\":[{\"@type\":\"ReadAction\",\"target\":[\"https:\/\/www.lionellomarchesi.com\/zh-hant\/termini-e-condizioni\/\"]}]},{\"@type\":\"BreadcrumbList\",\"@id\":\"https:\/\/www.lionellomarchesi.com\/zh-hant\/termini-e-condizioni\/#breadcrumb\",\"itemListElement\":[{\"@type\":\"ListItem\",\"position\":1,\"item\":{\"@type\":\"WebPage\",\"@id\":\"https:\/\/www.lionellomarchesi.com\/zh-hant\/\",\"url\":\"https:\/\/www.lionellomarchesi.com\/zh-hant\/\",\"name\":\"Home\"}},{\"@type\":\"ListItem\",\"position\":2,\"item\":{\"@type\":\"WebPage\",\"@id\":\"https:\/\/www.lionellomarchesi.com\/zh-hant\/termini-e-condizioni\/\",\"url\":\"https:\/\/www.lionellomarchesi.com\/zh-hant\/termini-e-condizioni\/\",\"name\":\"Termini e condizioni\"}}]}]}<\/script>\n<!-- \/ Yoast SEO plugin. -->","_links":{"self":[{"href":"https:\/\/www.lionellomarchesi.com\/zh-hant\/wp-json\/wp\/v2\/pages\/4362"}],"collection":[{"href":"https:\/\/www.lionellomarchesi.com\/zh-hant\/wp-json\/wp\/v2\/pages"}],"about":[{"href":"https:\/\/www.lionellomarchesi.com\/zh-hant\/wp-json\/wp\/v2\/types\/page"}],"author":[{"embeddable":true,"href":"https:\/\/www.lionellomarchesi.com\/zh-hant\/wp-json\/wp\/v2\/users\/1"}],"replies":[{"embeddable":true,"href":"https:\/\/www.lionellomarchesi.com\/zh-hant\/wp-json\/wp\/v2\/comments?post=4362"}],"version-history":[{"count":8,"href":"https:\/\/www.lionellomarchesi.com\/zh-hant\/wp-json\/wp\/v2\/pages\/4362\/revisions"}],"predecessor-version":[{"id":5315,"href":"https:\/\/www.lionellomarchesi.com\/zh-hant\/wp-json\/wp\/v2\/pages\/4362\/revisions\/5315"}],"wp:attachment":[{"href":"https:\/\/www.lionellomarchesi.com\/zh-hant\/wp-json\/wp\/v2\/media?parent=4362"}],"curies":[{"name":"wp","href":"https:\/\/api.w.org\/{rel}","templated":true}]}}