{"id":4034,"date":"2021-01-20T15:15:18","date_gmt":"2021-01-20T14:15:18","guid":{"rendered":"https:\/\/www.lionellomarchesi.com\/lavora-con-noi\/"},"modified":"2021-03-09T11:00:34","modified_gmt":"2021-03-09T10:00:34","slug":"trabalhe-conosco","status":"publish","type":"page","link":"https:\/\/www.lionellomarchesi.com\/pt-br\/trabalhe-conosco\/","title":{"rendered":"Trabalhe Conosco"},"content":{"rendered":"<p>[vc_row wrap_container=&#8221;yes&#8221;][vc_column width=&#8221;1\/6&#8243;][\/vc_column][vc_column width=&#8221;2\/3&#8243;][vc_custom_heading text=&#8221;Preencha o formul\u00e1rio abaixo para enviar sua inscri\u00e7\u00e3o ed<br \/>\nJunte-se a nossa equipe&#8221; font_container=&#8221;tag:h3|text_align:center&#8221; google_fonts=&#8221;font_family:Quattrocento%3Aregular%2C700|font_style:400%20regular%3A400%3Anormal&#8221;][vc_column_text]<\/p>\n<p style=\"text-align: center;\">Estamos sempre e constantemente \u00e0 procura de pessoas empreendedoras que queiram crescer profissionalmente.<br \/>\nSe pretende fazer parte da nossa organiza\u00e7\u00e3o preencha o formul\u00e1rio online anexando o seu <strong>Curriculum Vitae<\/strong> para enviar a sua candidatura.<\/p>\n<p>[\/vc_column_text][vc_empty_space height=&#8221;18px&#8221;]<div role=\"form\" class=\"wpcf7\" id=\"wpcf7-f4039-o1\" lang=\"it-IT\" dir=\"ltr\">\n<div class=\"screen-reader-response\"><p role=\"status\" aria-live=\"polite\" aria-atomic=\"true\"><\/p> <ul><\/ul><\/div>\n<form action=\"\/pt-br\/wp-json\/wp\/v2\/pages\/4034#wpcf7-f4039-o1\" method=\"post\" class=\"wpcf7-form init\" enctype=\"multipart\/form-data\" novalidate=\"novalidate\" data-status=\"init\">\n<div style=\"display: none;\">\n<input type=\"hidden\" name=\"_wpcf7\" value=\"4039\" \/>\n<input type=\"hidden\" name=\"_wpcf7_version\" value=\"5.4\" \/>\n<input type=\"hidden\" name=\"_wpcf7_locale\" value=\"it_IT\" \/>\n<input type=\"hidden\" name=\"_wpcf7_unit_tag\" value=\"wpcf7-f4039-o1\" \/>\n<input type=\"hidden\" name=\"_wpcf7_container_post\" value=\"0\" \/>\n<input type=\"hidden\" name=\"_wpcf7_posted_data_hash\" value=\"\" \/>\n<input type=\"hidden\" name=\"_wpcf7_recaptcha_response\" value=\"\" \/>\n<\/div>\n<div class=\"row\">\n<fieldset class=\"form-group col-md-6\">\n    <span class=\"wpcf7-form-control-wrap your-name\"><input type=\"text\" name=\"your-name\" value=\"\" size=\"40\" class=\"wpcf7-form-control wpcf7-text wpcf7-validates-as-required\" aria-required=\"true\" aria-invalid=\"false\" placeholder=\"Primeiro nome*\" \/><\/span><br \/>\n<\/fieldset>\n<fieldset class=\"form-group col-md-6\">\n    <span class=\"wpcf7-form-control-wrap your-surname\"><input type=\"text\" name=\"your-surname\" value=\"\" size=\"40\" class=\"wpcf7-form-control wpcf7-text wpcf7-validates-as-required\" aria-required=\"true\" aria-invalid=\"false\" placeholder=\"Sobrenome*\" \/><\/span><br \/>\n<\/fieldset>\n<fieldset class=\"form-group col-md-6\">\n    <span class=\"wpcf7-form-control-wrap your-email\"><input type=\"email\" name=\"your-email\" value=\"\" size=\"40\" class=\"wpcf7-form-control wpcf7-text wpcf7-email wpcf7-validates-as-required wpcf7-validates-as-email\" aria-required=\"true\" aria-invalid=\"false\" placeholder=\"O email*\" \/><\/span><br \/>\n<\/fieldset>\n<fieldset class=\"form-group col-md-6\">\n    <span class=\"wpcf7-form-control-wrap your-birth\"><input type=\"text\" name=\"your-birth\" value=\"\" size=\"40\" class=\"wpcf7-form-control wpcf7-text wpcf7-validates-as-required\" aria-required=\"true\" aria-invalid=\"false\" placeholder=\"Data de nascimento*\" \/><\/span><br \/>\n<\/fieldset>\n<fieldset class=\"form-group col-md-6\">\n    <span class=\"wpcf7-form-control-wrap your-loc-birth\"><input type=\"text\" name=\"your-loc-birth\" value=\"\" size=\"40\" class=\"wpcf7-form-control wpcf7-text wpcf7-validates-as-required\" aria-required=\"true\" aria-invalid=\"false\" placeholder=\"Local de nascimento*\" \/><\/span><br \/>\n<\/fieldset>\n<fieldset class=\"form-group col-md-6\">\n   <span class=\"wpcf7-form-control-wrap nazione\"><input type=\"text\" name=\"nazione\" value=\"\" size=\"40\" class=\"wpcf7-form-control wpcf7-text wpcf7-validates-as-required\" aria-required=\"true\" aria-invalid=\"false\" placeholder=\"Na\u00e7\u00e3o*\" \/><\/span><br \/>\n<\/fieldset>\n<fieldset class=\"form-group col-md-6\">\n    <span class=\"wpcf7-form-control-wrap your-telephone\"><input type=\"text\" name=\"your-telephone\" value=\"\" size=\"40\" class=\"wpcf7-form-control wpcf7-text\" aria-invalid=\"false\" placeholder=\"N\u00famero de telefone\" \/><\/span><br \/>\n<\/fieldset>\n<fieldset class=\"form-group col-md-6\">\n    <span class=\"wpcf7-form-control-wrap your-address\"><input type=\"text\" name=\"your-address\" value=\"\" size=\"40\" class=\"wpcf7-form-control wpcf7-text\" aria-invalid=\"false\" placeholder=\"Endere\u00e7o\" \/><\/span><br \/>\n<\/fieldset>\n<fieldset class=\"form-group col-md-12\">\n    <span class=\"wpcf7-form-control-wrap your-message\"><textarea name=\"your-message\" cols=\"40\" rows=\"5\" class=\"wpcf7-form-control wpcf7-textarea\" aria-invalid=\"false\" placeholder=\"Mensagem\"><\/textarea><\/span><br \/>\n<\/fieldset>\n<fieldset class=\"form-group col-md-12\">Anexe seu curr\u00edculo<br \/>\n    <span class=\"wpcf7-form-control-wrap curriculum\"><input type=\"file\" name=\"curriculum\" size=\"40\" class=\"wpcf7-form-control wpcf7-file\" accept=\".pdf,.txt,.doc,.docx\" aria-invalid=\"false\" \/><\/span><\/p>\n<\/fieldset>\n<fieldset class=\"form-group col-md-12\">\n<span class=\"wpcf7-form-control-wrap acceptance-gdpr\"><span class=\"wpcf7-form-control wpcf7-acceptance\"><span class=\"wpcf7-list-item\"><label><input type=\"checkbox\" name=\"acceptance-gdpr\" value=\"1\" aria-invalid=\"false\" \/><span class=\"wpcf7-list-item-label\">Ao enviar os meus dados, confirmo que li e aceito o tratamento dos dados nos termos do art. 13 do Regulamento (UE) 2016\/679 (doravante denominado GDPR 2016\/679).<a href=\"\/privacy\/\" title=\"Privacy\">Consulte a Pol\u00edtica de Privacidade<\/a><\/span><\/label><\/span><\/span><\/span><\/fieldset>\n<fieldset class=\"form-group col-md-12 text-center\">\n<input type=\"submit\" value=\"Mandar\" class=\"wpcf7-form-control wpcf7-submit btn btn-normal btn-md\" \/><br \/>\n<\/fieldset>\n<\/div>\n<div class=\"wpcf7-response-output\" aria-hidden=\"true\"><\/div><\/form><\/div>[\/vc_column][vc_column width=&#8221;1\/6&#8243;][\/vc_column][\/vc_row]<\/p>\n","protected":false},"excerpt":{"rendered":"<p>[vc_row wrap_container=&#8221;yes&#8221;][vc_column width=&#8221;1\/6&#8243;][\/vc_column][vc_column width=&#8221;2\/3&#8243;][vc_custom_heading text=&#8221;Preencha o formul\u00e1rio abaixo para enviar sua inscri\u00e7\u00e3o ed Junte-se a nossa equipe&#8221; font_container=&#8221;tag:h3|text_align:center&#8221; google_fonts=&#8221;font_family:Quattrocento%3Aregular%2C700|font_style:400%20regular%3A400%3Anormal&#8221;][vc_column_text] Estamos sempre e constantemente \u00e0 procura de pessoas empreendedoras que queiram crescer profissionalmente. Se pretende fazer parte da nossa organiza\u00e7\u00e3o preencha o formul\u00e1rio online anexando o seu Curriculum Vitae para enviar a sua candidatura. [\/vc_column_text][vc_empty_space height=&#8221;18px&#8221;][\/vc_column][vc_column [&hellip;]<\/p>\n","protected":false},"author":1,"featured_media":0,"parent":0,"menu_order":0,"comment_status":"closed","ping_status":"closed","template":"","meta":[],"yoast_head":"<!-- This site is optimized with the Yoast SEO plugin v15.9.2 - https:\/\/yoast.com\/wordpress\/plugins\/seo\/ -->\n<title>Trabalhe Conosco - Lionello Marchesi<\/title>\n<meta name=\"robots\" content=\"index, follow, max-snippet:-1, max-image-preview:large, max-video-preview:-1\" \/>\n<link rel=\"canonical\" href=\"https:\/\/www.lionellomarchesi.com\/pt-br\/trabalhe-conosco\/\" \/>\n<meta property=\"og:locale\" content=\"pt_BR\" \/>\n<meta property=\"og:type\" content=\"article\" \/>\n<meta property=\"og:title\" content=\"Trabalhe Conosco - Lionello Marchesi\" \/>\n<meta property=\"og:description\" content=\"[vc_row wrap_container=&#8221;yes&#8221;][vc_column width=&#8221;1\/6&#8243;][\/vc_column][vc_column width=&#8221;2\/3&#8243;][vc_custom_heading text=&#8221;Preencha o formul\u00e1rio abaixo para enviar sua inscri\u00e7\u00e3o ed Junte-se a nossa equipe&#8221; font_container=&#8221;tag:h3|text_align:center&#8221; google_fonts=&#8221;font_family:Quattrocento%3Aregular%2C700|font_style:400%20regular%3A400%3Anormal&#8221;][vc_column_text] Estamos sempre e constantemente \u00e0 procura de pessoas empreendedoras que queiram crescer profissionalmente. Se pretende fazer parte da nossa organiza\u00e7\u00e3o preencha o formul\u00e1rio online anexando o seu Curriculum Vitae para enviar a sua candidatura. [\/vc_column_text][vc_empty_space height=&#8221;18px&#8221;][\/vc_column][vc_column [&hellip;]\" \/>\n<meta property=\"og:url\" content=\"https:\/\/www.lionellomarchesi.com\/pt-br\/trabalhe-conosco\/\" \/>\n<meta property=\"og:site_name\" content=\"Lionello Marchesi\" \/>\n<meta property=\"article:modified_time\" content=\"2021-03-09T10:00:34+00:00\" \/>\n<meta name=\"twitter:card\" content=\"summary_large_image\" \/>\n<meta name=\"twitter:label1\" content=\"Est. reading time\">\n\t<meta name=\"twitter:data1\" content=\"1 minuto\">\n<script type=\"application\/ld+json\" class=\"yoast-schema-graph\">{\"@context\":\"https:\/\/schema.org\",\"@graph\":[{\"@type\":\"WebSite\",\"@id\":\"https:\/\/www.lionellomarchesi.com\/#website\",\"url\":\"https:\/\/www.lionellomarchesi.com\/\",\"name\":\"Lionello Marchesi\",\"description\":\"\",\"potentialAction\":[{\"@type\":\"SearchAction\",\"target\":\"https:\/\/www.lionellomarchesi.com\/?s={search_term_string}\",\"query-input\":\"required name=search_term_string\"}],\"inLanguage\":\"pt-BR\"},{\"@type\":\"WebPage\",\"@id\":\"https:\/\/www.lionellomarchesi.com\/pt-br\/trabalhe-conosco\/#webpage\",\"url\":\"https:\/\/www.lionellomarchesi.com\/pt-br\/trabalhe-conosco\/\",\"name\":\"Trabalhe Conosco - Lionello Marchesi\",\"isPartOf\":{\"@id\":\"https:\/\/www.lionellomarchesi.com\/#website\"},\"datePublished\":\"2021-01-20T14:15:18+00:00\",\"dateModified\":\"2021-03-09T10:00:34+00:00\",\"breadcrumb\":{\"@id\":\"https:\/\/www.lionellomarchesi.com\/pt-br\/trabalhe-conosco\/#breadcrumb\"},\"inLanguage\":\"pt-BR\",\"potentialAction\":[{\"@type\":\"ReadAction\",\"target\":[\"https:\/\/www.lionellomarchesi.com\/pt-br\/trabalhe-conosco\/\"]}]},{\"@type\":\"BreadcrumbList\",\"@id\":\"https:\/\/www.lionellomarchesi.com\/pt-br\/trabalhe-conosco\/#breadcrumb\",\"itemListElement\":[{\"@type\":\"ListItem\",\"position\":1,\"item\":{\"@type\":\"WebPage\",\"@id\":\"https:\/\/www.lionellomarchesi.com\/pt-br\/\",\"url\":\"https:\/\/www.lionellomarchesi.com\/pt-br\/\",\"name\":\"Home\"}},{\"@type\":\"ListItem\",\"position\":2,\"item\":{\"@type\":\"WebPage\",\"@id\":\"https:\/\/www.lionellomarchesi.com\/pt-br\/trabalhe-conosco\/\",\"url\":\"https:\/\/www.lionellomarchesi.com\/pt-br\/trabalhe-conosco\/\",\"name\":\"Trabalhe Conosco\"}}]}]}<\/script>\n<!-- \/ Yoast SEO plugin. -->","_links":{"self":[{"href":"https:\/\/www.lionellomarchesi.com\/pt-br\/wp-json\/wp\/v2\/pages\/4034"}],"collection":[{"href":"https:\/\/www.lionellomarchesi.com\/pt-br\/wp-json\/wp\/v2\/pages"}],"about":[{"href":"https:\/\/www.lionellomarchesi.com\/pt-br\/wp-json\/wp\/v2\/types\/page"}],"author":[{"embeddable":true,"href":"https:\/\/www.lionellomarchesi.com\/pt-br\/wp-json\/wp\/v2\/users\/1"}],"replies":[{"embeddable":true,"href":"https:\/\/www.lionellomarchesi.com\/pt-br\/wp-json\/wp\/v2\/comments?post=4034"}],"version-history":[{"count":3,"href":"https:\/\/www.lionellomarchesi.com\/pt-br\/wp-json\/wp\/v2\/pages\/4034\/revisions"}],"predecessor-version":[{"id":4040,"href":"https:\/\/www.lionellomarchesi.com\/pt-br\/wp-json\/wp\/v2\/pages\/4034\/revisions\/4040"}],"wp:attachment":[{"href":"https:\/\/www.lionellomarchesi.com\/pt-br\/wp-json\/wp\/v2\/media?parent=4034"}],"curies":[{"name":"wp","href":"https:\/\/api.w.org\/{rel}","templated":true}]}}