{"id":2920,"date":"2020-12-11T12:14:29","date_gmt":"2020-12-11T11:14:29","guid":{"rendered":"https:\/\/www.lionellomarchesi.com\/recessi-e-cambi\/"},"modified":"2021-04-16T09:38:47","modified_gmt":"2021-04-16T07:38:47","slug":"recessi-e-cambi","status":"publish","type":"page","link":"https:\/\/www.lionellomarchesi.com\/en\/recessi-e-cambi\/","title":{"rendered":"Recessi e cambi"},"content":{"rendered":"<p>[vc_row wrap_container=&#8221;yes&#8221;][vc_column][vc_empty_space height=&#8221;38px&#8221;][vc_column_text]<\/p>\n<h3 style=\"text-align: center;\"><strong>Diritto di recesso<\/strong><\/h3>\n<p>In conformit\u00e0 all\u2019art. 52 del Decreto Legislativo 6 settembre 2005 n. 206 (il \u201cCodice del Consumo\u201d), hai diritto di recedere dal contratto sottoscritto con <strong>Az. Agr. Castello di Monastero S.r.l<\/strong>.\u00a0 senza alcuna penalit\u00e0 e senza dover fornire alcuna motivazione, entro 14 giorni dal giorno in cui hai ricevuto i prodotti acquistati su casatimilano.it.<br \/>\nIn conformit\u00e0 all\u2019art. 54 del Codice del Consumo, potrai esercitare il diritto di recesso utilizzando, a tua scelta, una delle seguenti modalit\u00e0:<\/p>\n<p>1. Utilizzando il modulo di reso presente all\u2019interno del pacco<br \/>\n2. Inviando dichiarazione esplicita di voler recedere dal contratto con il venditore<\/p>\n<p>In entrambi i casi 1. e 2. dovrai spedire la documentazione a: <strong>Az. Agr. Castello di Monastero S.r.l. <\/strong>\u2013 Societ\u00e0 Agricola &#8211; con sede in Loc. Sestano 53019 &#8211; Castelnuovo Berardenga (SI)<br \/>\nIn conformit\u00e0 all\u2019art. 57 del Codice del Consumo, una volta esercitato il recesso dal contratto, i prodotti da rendere devono essere consegnati al corriere entro quattordici (14) giorni dalla data in cui hai comunicato al Venditore la tua decisione di recedere dal contratto.<\/p>\n<p>In conformit\u00e0 all\u2019art. 59 del Codice del Consumo, il diritto di recesso \u00e8 escluso nel caso in cui tu abbia acquistato prodotti confezionati su misura o personalizzati ovvero beni sigillati che non si prestano a essere restituiti per motivi igienici o connessi alla protezione della salute e sono stati aperti dopo la consegna.<br \/>\nResta inteso che, sar\u00e0 a tuo carico l\u2019onere di provare il corretto e tempestivo esercizio del diritto di recesso.<br \/>\nLe spese di spedizione del reso sono a carico del cliente e potrai scegliere il servizio postale o corriere che preferisci.<\/p>\n<p>Tutti i prodotti resi dovranno essere perfettamente integri, mai usati e non riportare nessun segno di usura o sporco. I prodotti che saranno ricevuti in condizioni non adeguate saranno rispediti al cliente, con spese di spedizione a carico del cliente.<\/p>\n<p>Non siamo responsabili di ritardi o smarrimenti nella ricezione dei resi. Se ci saranno problemi con la spedizione del tuo reso, dovrai contattare il servizio a cui ti sei rivolta per la spedizione.<\/p>\n<p><strong>Az. Agr. Castello di Monastero S.r.l.<\/strong>non \u00e8 responsabile se il reso sar\u00e0 inviato ad un indirizzo errato o da noi non fornito.<br \/>\nEffettuate le verifiche di conformit\u00e0 dei prodotti restituiti il venditore provveder\u00e0 alla restituzione dell\u2019importo entro e non oltre 14 giorni dalla data in cui \u00e8 venuto a conoscenza della tua volont\u00e0 di usufruire del diritto di recesso.<br \/>\nLe modalit\u00e0 e le tempistiche di accredito sono relative al mezzo di pagamento che si \u00e8 utilizzato per effettuare l\u2019ordine.<br \/>\nQualora tu lo desideri potrai scegliere di ricevere il rimborso tramite un coupon spendibile presso il nostro sito.<\/p>\n<p>PRODOTTI AFFETTI DA VIZI O NON CONFORMI<br \/>\nPuoi restituire un prodotto perch\u00e9 affetto da vizi o non conforme a quanto ordinato, informando il Venditore, entro trenta (30) giorni dal giorno in cui hai ricevuto i prodotti acquistati su lionellomarchesi.com mediante il Modulo di reso; se il difetto si manifesta dopo trenta (30) giorni, contatta il Servizio Clienti per maggiori informazioni.<br \/>\n<strong>Az. Agr. Castello di Monastero S.r.l.<\/strong> verificher\u00e0 i prodotti che hai restituito perch\u00e9 affetti da vizi o non conformi a quanto ordinato e proceder\u00e0 al rimborso integrale, incluse le spese di spedizioni e le spese che hai sostenuto per restituire i prodotti a <strong>Az. Agr. Castello di Monastero S.r.l.<\/strong>.<br \/>\nNel caso in cui <strong>Az. Agr. Castello di Monastero S.r.l.<\/strong> non rilevi alcun vizio o difetto di conformit\u00e0 nei prodotti restituiti, sarai informato che il tuo reso non potr\u00e0 essere accettato e potrai scegliere se riavere i prodotti acquistati. Nel caso tu rifiutassi la spedizione, <strong>Az. Agr. Castello di Monastero S.r.l.<\/strong>avr\u00e0 diritto di trattenere i prodotti e l\u2019importo corrispondente al prezzo d\u2019acquisto dei prodotti, nonch\u00e9 si riserva il diritto di richiedere i costi sostenuti.<\/p>\n<p>ANNULLAMENTO ORDINE \u2013 MODIFICA ORDINE<br \/>\nQualora volessi annullare l\u2019ordine prima della ricezione dello stesso ti preghiamo di comunicarcelo il prima possibile.<\/p>\n<p>Non possiamo garantire l\u2019annullamento di un ordine gi\u00e0 effettuato, in quanto tutti gli ordini vengono evasi in tempi molto stretti, ed il tuo ordine potrebbe gi\u00e0 essere stato affidato al corriere per la spedizione.<\/p>\n<p>Comunicaci la tua richiesta di annullamento il prima possibile, i nostri operatori faranno il possibile per verificare lo stato dell\u2019ordine e cercare di bloccarlo, cos\u00ec annullarlo. Gli ordini gi\u00e0 affidati al corriere non potranno essere annullati.<\/p>\n<p>In caso di richieste di modifica modello, numero, colore del prodotto ordinato, non potremmo garantire al 100% la modifica dell\u2019ordine. Faremo il possibile per modificare l\u2019ordine come da richiesta del cliente, ma ci\u00f2 dipender\u00e0 dalla disponibilit\u00e0 di magazzino e dallo stato dell\u2019ordine (se gi\u00e0 affidato al corriere).<\/p>\n<p>CODICE DEL CONSUMO<br \/>\nLe presenti Condizioni per l\u2019esercizio del diritto di recesso, facenti parte integrante delle Condizioni Generali di Vendita, sono regolate dalla legge italiana ed in particolare dal Codice del Consumo.[\/vc_column_text][\/vc_column][\/vc_row]<\/p>\n","protected":false},"excerpt":{"rendered":"<p>[vc_row wrap_container=&#8221;yes&#8221;][vc_column][vc_empty_space height=&#8221;38px&#8221;][vc_column_text] Diritto di recesso In conformit\u00e0 all\u2019art. 52 del Decreto Legislativo 6 settembre 2005 n. 206 (il \u201cCodice del Consumo\u201d), hai diritto di recedere dal contratto sottoscritto con Az. Agr. Castello di Monastero S.r.l.\u00a0 senza alcuna penalit\u00e0 e senza dover fornire alcuna motivazione, entro 14 giorni dal giorno in cui hai ricevuto i [&hellip;]<\/p>\n","protected":false},"author":1,"featured_media":0,"parent":0,"menu_order":0,"comment_status":"closed","ping_status":"closed","template":"","meta":[],"yoast_head":"<!-- This site is optimized with the Yoast SEO plugin v15.9.2 - https:\/\/yoast.com\/wordpress\/plugins\/seo\/ -->\n<title>Produzione vino e Vendita diretta Toscana - Tenute Lionello Marchesi<\/title>\n<meta name=\"robots\" content=\"index, follow, max-snippet:-1, max-image-preview:large, max-video-preview:-1\" \/>\n<link rel=\"canonical\" href=\"https:\/\/www.lionellomarchesi.com\/en\/recessi-e-cambi\/\" \/>\n<meta property=\"og:locale\" content=\"en_US\" \/>\n<meta property=\"og:type\" content=\"article\" \/>\n<meta property=\"og:title\" content=\"Produzione vino e Vendita diretta Toscana - Tenute Lionello Marchesi\" \/>\n<meta property=\"og:description\" content=\"[vc_row wrap_container=&#8221;yes&#8221;][vc_column][vc_empty_space height=&#8221;38px&#8221;][vc_column_text] Diritto di recesso In conformit\u00e0 all\u2019art. 52 del Decreto Legislativo 6 settembre 2005 n. 206 (il \u201cCodice del Consumo\u201d), hai diritto di recedere dal contratto sottoscritto con Az. Agr. Castello di Monastero S.r.l.\u00a0 senza alcuna penalit\u00e0 e senza dover fornire alcuna motivazione, entro 14 giorni dal giorno in cui hai ricevuto i [&hellip;]\" \/>\n<meta property=\"og:url\" content=\"https:\/\/www.lionellomarchesi.com\/en\/recessi-e-cambi\/\" \/>\n<meta property=\"og:site_name\" content=\"Lionello Marchesi\" \/>\n<meta property=\"article:modified_time\" content=\"2021-04-16T07:38:47+00:00\" \/>\n<meta name=\"twitter:card\" content=\"summary_large_image\" \/>\n<meta name=\"twitter:label1\" content=\"Est. reading time\">\n\t<meta name=\"twitter:data1\" content=\"4 minutes\">\n<script type=\"application\/ld+json\" class=\"yoast-schema-graph\">{\"@context\":\"https:\/\/schema.org\",\"@graph\":[{\"@type\":\"WebSite\",\"@id\":\"https:\/\/www.lionellomarchesi.com\/#website\",\"url\":\"https:\/\/www.lionellomarchesi.com\/\",\"name\":\"Lionello Marchesi\",\"description\":\"\",\"potentialAction\":[{\"@type\":\"SearchAction\",\"target\":\"https:\/\/www.lionellomarchesi.com\/?s={search_term_string}\",\"query-input\":\"required name=search_term_string\"}],\"inLanguage\":\"en-US\"},{\"@type\":\"WebPage\",\"@id\":\"https:\/\/www.lionellomarchesi.com\/en\/recessi-e-cambi\/#webpage\",\"url\":\"https:\/\/www.lionellomarchesi.com\/en\/recessi-e-cambi\/\",\"name\":\"Produzione vino e Vendita diretta Toscana - Tenute Lionello Marchesi\",\"isPartOf\":{\"@id\":\"https:\/\/www.lionellomarchesi.com\/#website\"},\"datePublished\":\"2020-12-11T11:14:29+00:00\",\"dateModified\":\"2021-04-16T07:38:47+00:00\",\"breadcrumb\":{\"@id\":\"https:\/\/www.lionellomarchesi.com\/en\/recessi-e-cambi\/#breadcrumb\"},\"inLanguage\":\"en-US\",\"potentialAction\":[{\"@type\":\"ReadAction\",\"target\":[\"https:\/\/www.lionellomarchesi.com\/en\/recessi-e-cambi\/\"]}]},{\"@type\":\"BreadcrumbList\",\"@id\":\"https:\/\/www.lionellomarchesi.com\/en\/recessi-e-cambi\/#breadcrumb\",\"itemListElement\":[{\"@type\":\"ListItem\",\"position\":1,\"item\":{\"@type\":\"WebPage\",\"@id\":\"https:\/\/www.lionellomarchesi.com\/en\/\",\"url\":\"https:\/\/www.lionellomarchesi.com\/en\/\",\"name\":\"Home\"}},{\"@type\":\"ListItem\",\"position\":2,\"item\":{\"@type\":\"WebPage\",\"@id\":\"https:\/\/www.lionellomarchesi.com\/en\/recessi-e-cambi\/\",\"url\":\"https:\/\/www.lionellomarchesi.com\/en\/recessi-e-cambi\/\",\"name\":\"Recessi e cambi\"}}]}]}<\/script>\n<!-- \/ Yoast SEO plugin. -->","_links":{"self":[{"href":"https:\/\/www.lionellomarchesi.com\/en\/wp-json\/wp\/v2\/pages\/2920"}],"collection":[{"href":"https:\/\/www.lionellomarchesi.com\/en\/wp-json\/wp\/v2\/pages"}],"about":[{"href":"https:\/\/www.lionellomarchesi.com\/en\/wp-json\/wp\/v2\/types\/page"}],"author":[{"embeddable":true,"href":"https:\/\/www.lionellomarchesi.com\/en\/wp-json\/wp\/v2\/users\/1"}],"replies":[{"embeddable":true,"href":"https:\/\/www.lionellomarchesi.com\/en\/wp-json\/wp\/v2\/comments?post=2920"}],"version-history":[{"count":2,"href":"https:\/\/www.lionellomarchesi.com\/en\/wp-json\/wp\/v2\/pages\/2920\/revisions"}],"predecessor-version":[{"id":5183,"href":"https:\/\/www.lionellomarchesi.com\/en\/wp-json\/wp\/v2\/pages\/2920\/revisions\/5183"}],"wp:attachment":[{"href":"https:\/\/www.lionellomarchesi.com\/en\/wp-json\/wp\/v2\/media?parent=2920"}],"curies":[{"name":"wp","href":"https:\/\/api.w.org\/{rel}","templated":true}]}}